{"id":391,"date":"2024-03-21T15:11:26","date_gmt":"2024-03-21T15:11:26","guid":{"rendered":"https:\/\/electrohelp.cl\/?page_id=391"},"modified":"2025-04-23T18:01:21","modified_gmt":"2025-04-23T18:01:21","slug":"repuestos-oil-mist-detector","status":"publish","type":"page","link":"https:\/\/electrohelp.cl\/?page_id=391","title":{"rendered":"Repuestos Oil Mist Detector"},"content":{"rendered":"\n<p>Scavenging air filter<\/p>\n\n\n\n<figure class=\"wp-block-image size-full\"><img loading=\"lazy\" decoding=\"async\" width=\"576\" height=\"1024\" src=\"https:\/\/electrohelp.cl\/wp-content\/uploads\/2025\/04\/SCAVENGER.jpeg\" alt=\"\" class=\"wp-image-405\" srcset=\"https:\/\/electrohelp.cl\/wp-content\/uploads\/2025\/04\/SCAVENGER.jpeg 576w, https:\/\/electrohelp.cl\/wp-content\/uploads\/2025\/04\/SCAVENGER-169x300.jpeg 169w\" sizes=\"auto, (max-width: 576px) 100vw, 576px\" \/><\/figure>\n\n\n\n<p>Filtro oil mist detector<\/p>\n\n\n\n<h1 class=\"wp-block-heading\">New Part No:365197<\/h1>\n\n\n\n<h1 class=\"wp-block-heading\">Old Part No:10042<\/h1>\n\n\n\n<p><br>El sensor de neblina de aceite Schaller Visatron es una unidad sumamente potente y es empleada por numerosas embarcaciones, ofrecemos soporte completo de ventas y servicio posventa para este dispositivo, ya que mantenemos un amplio stock de unidades completas y piezas de recambio correspondientes. Contamos con un equipo competente y experimentado para llevar a cabo la evaluaci\u00f3n de funcionamiento de esta unidad.<\/p>\n\n\n\n<p>Nuestra empresa se compromete a sustituir o reparar con prontitud todas las partes de repuesto de los sensores de neblina de aceite Schaller Visatron.<\/p>\n\n\n\n<p>El Departamento T\u00e9cnico, al contar con una notable capacidad y experiencia, puede reconstruir y reparar las piezas de repuesto con \u00e9xito. El taller de nuestra compa\u00f1\u00eda est\u00e1 dotado de todos los instrumentos necesarios para llevar a cabo pruebas y reconstrucciones tanto de dispositivos completos como de piezas de repuesto.<\/p>\n\n\n\n<p class=\"has-large-font-size\">KIT RETROFIT<\/p>\n\n\n\n<figure class=\"wp-block-image size-large\"><img loading=\"lazy\" decoding=\"async\" width=\"1024\" height=\"429\" src=\"https:\/\/electrohelp.cl\/wp-content\/uploads\/2025\/04\/New-Pressure-3-1024x429.png\" alt=\"\" class=\"wp-image-407\" srcset=\"https:\/\/electrohelp.cl\/wp-content\/uploads\/2025\/04\/New-Pressure-3-1024x429.png 1024w, https:\/\/electrohelp.cl\/wp-content\/uploads\/2025\/04\/New-Pressure-3-300x126.png 300w, https:\/\/electrohelp.cl\/wp-content\/uploads\/2025\/04\/New-Pressure-3-768x321.png 768w, https:\/\/electrohelp.cl\/wp-content\/uploads\/2025\/04\/New-Pressure-3.png 1412w\" sizes=\"auto, (max-width: 1024px) 100vw, 1024px\" \/><\/figure>\n\n\n\n<p class=\"has-large-font-size\">KIT DE CALIBRACI\u00d3N <\/p>\n\n\n\n<figure class=\"wp-block-image size-full\"><img loading=\"lazy\" decoding=\"async\" width=\"768\" height=\"1024\" src=\"https:\/\/electrohelp.cl\/wp-content\/uploads\/2025\/04\/SCHA-CALIB-KIT1.jpeg\" alt=\"\" class=\"wp-image-410\" srcset=\"https:\/\/electrohelp.cl\/wp-content\/uploads\/2025\/04\/SCHA-CALIB-KIT1.jpeg 768w, https:\/\/electrohelp.cl\/wp-content\/uploads\/2025\/04\/SCHA-CALIB-KIT1-225x300.jpeg 225w\" sizes=\"auto, (max-width: 768px) 100vw, 768px\" \/><\/figure>\n","protected":false},"excerpt":{"rendered":"<p>Scavenging air filter Filtro oil mist detector New Part No:365197 Old Part No:10042 El sensor de neblina de aceite Schaller Visatron es una unidad sumamente potente y es empleada por numerosas embarcaciones, ofrecemos soporte completo de ventas y servicio posventa para este dispositivo, ya que mantenemos un amplio stock de unidades completas y piezas de&hellip; <br \/> <a class=\"read-more\" href=\"https:\/\/electrohelp.cl\/?page_id=391\">Leer m\u00e1s<\/a><\/p>\n","protected":false},"author":1,"featured_media":0,"parent":0,"menu_order":0,"comment_status":"closed","ping_status":"closed","template":"","meta":{"footnotes":""},"class_list":["post-391","page","type-page","status-publish","hentry"],"yoast_head":"<!-- This site is optimized with the Yoast SEO plugin v23.4 - https:\/\/yoast.com\/wordpress\/plugins\/seo\/ -->\n<title>Repuestos Oil Mist Detector - Help Services<\/title>\n<meta name=\"robots\" content=\"index, follow, max-snippet:-1, max-image-preview:large, max-video-preview:-1\" \/>\n<link rel=\"canonical\" href=\"https:\/\/electrohelp.cl\/?page_id=391\" \/>\n<meta property=\"og:locale\" content=\"es_ES\" \/>\n<meta property=\"og:type\" content=\"article\" \/>\n<meta property=\"og:title\" content=\"Repuestos Oil Mist Detector - Help Services\" \/>\n<meta property=\"og:description\" content=\"Scavenging air filter Filtro oil mist detector New Part No:365197 Old Part No:10042 El sensor de neblina de aceite Schaller Visatron es una unidad sumamente potente y es empleada por numerosas embarcaciones, ofrecemos soporte completo de ventas y servicio posventa para este dispositivo, ya que mantenemos un amplio stock de unidades completas y piezas de&hellip; Leer m\u00e1s\" \/>\n<meta property=\"og:url\" content=\"https:\/\/electrohelp.cl\/?page_id=391\" \/>\n<meta property=\"og:site_name\" content=\"Help Services\" \/>\n<meta property=\"article:modified_time\" content=\"2025-04-23T18:01:21+00:00\" \/>\n<meta property=\"og:image\" content=\"https:\/\/electrohelp.cl\/wp-content\/uploads\/2025\/04\/SCAVENGER.jpeg\" \/>\n<meta name=\"twitter:card\" content=\"summary_large_image\" \/>\n<meta name=\"twitter:label1\" content=\"Tiempo estimado de lectura\" \/>\n\t<meta name=\"twitter:data1\" content=\"2 minutos\" \/>\n<script type=\"application\/ld+json\" class=\"yoast-schema-graph\">{\"@context\":\"https:\/\/schema.org\",\"@graph\":[{\"@type\":\"WebPage\",\"@id\":\"https:\/\/electrohelp.cl\/?page_id=391\",\"url\":\"https:\/\/electrohelp.cl\/?page_id=391\",\"name\":\"Repuestos Oil Mist Detector - Help Services\",\"isPartOf\":{\"@id\":\"https:\/\/electrohelp.cl\/#website\"},\"primaryImageOfPage\":{\"@id\":\"https:\/\/electrohelp.cl\/?page_id=391#primaryimage\"},\"image\":{\"@id\":\"https:\/\/electrohelp.cl\/?page_id=391#primaryimage\"},\"thumbnailUrl\":\"https:\/\/electrohelp.cl\/wp-content\/uploads\/2025\/04\/SCAVENGER.jpeg\",\"datePublished\":\"2024-03-21T15:11:26+00:00\",\"dateModified\":\"2025-04-23T18:01:21+00:00\",\"breadcrumb\":{\"@id\":\"https:\/\/electrohelp.cl\/?page_id=391#breadcrumb\"},\"inLanguage\":\"es-CL\",\"potentialAction\":[{\"@type\":\"ReadAction\",\"target\":[\"https:\/\/electrohelp.cl\/?page_id=391\"]}]},{\"@type\":\"ImageObject\",\"inLanguage\":\"es-CL\",\"@id\":\"https:\/\/electrohelp.cl\/?page_id=391#primaryimage\",\"url\":\"https:\/\/electrohelp.cl\/wp-content\/uploads\/2025\/04\/SCAVENGER.jpeg\",\"contentUrl\":\"https:\/\/electrohelp.cl\/wp-content\/uploads\/2025\/04\/SCAVENGER.jpeg\",\"width\":576,\"height\":1024},{\"@type\":\"BreadcrumbList\",\"@id\":\"https:\/\/electrohelp.cl\/?page_id=391#breadcrumb\",\"itemListElement\":[{\"@type\":\"ListItem\",\"position\":1,\"name\":\"Portada\",\"item\":\"https:\/\/electrohelp.cl\/\"},{\"@type\":\"ListItem\",\"position\":2,\"name\":\"Repuestos Oil Mist Detector\"}]},{\"@type\":\"WebSite\",\"@id\":\"https:\/\/electrohelp.cl\/#website\",\"url\":\"https:\/\/electrohelp.cl\/\",\"name\":\"Help Services\",\"description\":\"\",\"publisher\":{\"@id\":\"https:\/\/electrohelp.cl\/#organization\"},\"potentialAction\":[{\"@type\":\"SearchAction\",\"target\":{\"@type\":\"EntryPoint\",\"urlTemplate\":\"https:\/\/electrohelp.cl\/?s={search_term_string}\"},\"query-input\":{\"@type\":\"PropertyValueSpecification\",\"valueRequired\":true,\"valueName\":\"search_term_string\"}}],\"inLanguage\":\"es-CL\"},{\"@type\":\"Organization\",\"@id\":\"https:\/\/electrohelp.cl\/#organization\",\"name\":\"Help Services\",\"url\":\"https:\/\/electrohelp.cl\/\",\"logo\":{\"@type\":\"ImageObject\",\"inLanguage\":\"es-CL\",\"@id\":\"https:\/\/electrohelp.cl\/#\/schema\/logo\/image\/\",\"url\":\"https:\/\/electrohelp.cl\/wp-content\/uploads\/2023\/10\/crop-crop-1.png\",\"contentUrl\":\"https:\/\/electrohelp.cl\/wp-content\/uploads\/2023\/10\/crop-crop-1.png\",\"width\":44,\"height\":44,\"caption\":\"Help Services\"},\"image\":{\"@id\":\"https:\/\/electrohelp.cl\/#\/schema\/logo\/image\/\"}}]}<\/script>\n<!-- \/ Yoast SEO plugin. -->","yoast_head_json":{"title":"Repuestos Oil Mist Detector - Help Services","robots":{"index":"index","follow":"follow","max-snippet":"max-snippet:-1","max-image-preview":"max-image-preview:large","max-video-preview":"max-video-preview:-1"},"canonical":"https:\/\/electrohelp.cl\/?page_id=391","og_locale":"es_ES","og_type":"article","og_title":"Repuestos Oil Mist Detector - Help Services","og_description":"Scavenging air filter Filtro oil mist detector New Part No:365197 Old Part No:10042 El sensor de neblina de aceite Schaller Visatron es una unidad sumamente potente y es empleada por numerosas embarcaciones, ofrecemos soporte completo de ventas y servicio posventa para este dispositivo, ya que mantenemos un amplio stock de unidades completas y piezas de&hellip; Leer m\u00e1s","og_url":"https:\/\/electrohelp.cl\/?page_id=391","og_site_name":"Help Services","article_modified_time":"2025-04-23T18:01:21+00:00","og_image":[{"url":"https:\/\/electrohelp.cl\/wp-content\/uploads\/2025\/04\/SCAVENGER.jpeg"}],"twitter_card":"summary_large_image","twitter_misc":{"Tiempo estimado de lectura":"2 minutos"},"schema":{"@context":"https:\/\/schema.org","@graph":[{"@type":"WebPage","@id":"https:\/\/electrohelp.cl\/?page_id=391","url":"https:\/\/electrohelp.cl\/?page_id=391","name":"Repuestos Oil Mist Detector - Help Services","isPartOf":{"@id":"https:\/\/electrohelp.cl\/#website"},"primaryImageOfPage":{"@id":"https:\/\/electrohelp.cl\/?page_id=391#primaryimage"},"image":{"@id":"https:\/\/electrohelp.cl\/?page_id=391#primaryimage"},"thumbnailUrl":"https:\/\/electrohelp.cl\/wp-content\/uploads\/2025\/04\/SCAVENGER.jpeg","datePublished":"2024-03-21T15:11:26+00:00","dateModified":"2025-04-23T18:01:21+00:00","breadcrumb":{"@id":"https:\/\/electrohelp.cl\/?page_id=391#breadcrumb"},"inLanguage":"es-CL","potentialAction":[{"@type":"ReadAction","target":["https:\/\/electrohelp.cl\/?page_id=391"]}]},{"@type":"ImageObject","inLanguage":"es-CL","@id":"https:\/\/electrohelp.cl\/?page_id=391#primaryimage","url":"https:\/\/electrohelp.cl\/wp-content\/uploads\/2025\/04\/SCAVENGER.jpeg","contentUrl":"https:\/\/electrohelp.cl\/wp-content\/uploads\/2025\/04\/SCAVENGER.jpeg","width":576,"height":1024},{"@type":"BreadcrumbList","@id":"https:\/\/electrohelp.cl\/?page_id=391#breadcrumb","itemListElement":[{"@type":"ListItem","position":1,"name":"Portada","item":"https:\/\/electrohelp.cl\/"},{"@type":"ListItem","position":2,"name":"Repuestos Oil Mist Detector"}]},{"@type":"WebSite","@id":"https:\/\/electrohelp.cl\/#website","url":"https:\/\/electrohelp.cl\/","name":"Help Services","description":"","publisher":{"@id":"https:\/\/electrohelp.cl\/#organization"},"potentialAction":[{"@type":"SearchAction","target":{"@type":"EntryPoint","urlTemplate":"https:\/\/electrohelp.cl\/?s={search_term_string}"},"query-input":{"@type":"PropertyValueSpecification","valueRequired":true,"valueName":"search_term_string"}}],"inLanguage":"es-CL"},{"@type":"Organization","@id":"https:\/\/electrohelp.cl\/#organization","name":"Help Services","url":"https:\/\/electrohelp.cl\/","logo":{"@type":"ImageObject","inLanguage":"es-CL","@id":"https:\/\/electrohelp.cl\/#\/schema\/logo\/image\/","url":"https:\/\/electrohelp.cl\/wp-content\/uploads\/2023\/10\/crop-crop-1.png","contentUrl":"https:\/\/electrohelp.cl\/wp-content\/uploads\/2023\/10\/crop-crop-1.png","width":44,"height":44,"caption":"Help Services"},"image":{"@id":"https:\/\/electrohelp.cl\/#\/schema\/logo\/image\/"}}]}},"_links":{"self":[{"href":"https:\/\/electrohelp.cl\/index.php?rest_route=\/wp\/v2\/pages\/391","targetHints":{"allow":["GET"]}}],"collection":[{"href":"https:\/\/electrohelp.cl\/index.php?rest_route=\/wp\/v2\/pages"}],"about":[{"href":"https:\/\/electrohelp.cl\/index.php?rest_route=\/wp\/v2\/types\/page"}],"author":[{"embeddable":true,"href":"https:\/\/electrohelp.cl\/index.php?rest_route=\/wp\/v2\/users\/1"}],"replies":[{"embeddable":true,"href":"https:\/\/electrohelp.cl\/index.php?rest_route=%2Fwp%2Fv2%2Fcomments&post=391"}],"version-history":[{"count":4,"href":"https:\/\/electrohelp.cl\/index.php?rest_route=\/wp\/v2\/pages\/391\/revisions"}],"predecessor-version":[{"id":412,"href":"https:\/\/electrohelp.cl\/index.php?rest_route=\/wp\/v2\/pages\/391\/revisions\/412"}],"wp:attachment":[{"href":"https:\/\/electrohelp.cl\/index.php?rest_route=%2Fwp%2Fv2%2Fmedia&parent=391"}],"curies":[{"name":"wp","href":"https:\/\/api.w.org\/{rel}","templated":true}]}}