{"id":2,"date":"2022-12-22T15:39:11","date_gmt":"2022-12-22T15:39:11","guid":{"rendered":"https:\/\/electrohelp.cl\/?page_id=2"},"modified":"2023-10-26T04:21:28","modified_gmt":"2023-10-26T04:21:28","slug":"visatron","status":"publish","type":"page","link":"https:\/\/electrohelp.cl\/?page_id=2","title":{"rendered":"SCHALLER VISATRON"},"content":{"rendered":"\n<p><\/p>\n\n\n<div class=\"wp-block-image\">\n<figure class=\"aligncenter size-full is-resized\"><img loading=\"lazy\" decoding=\"async\" width=\"980\" height=\"288\" src=\"https:\/\/electrohelp.cl\/wp-content\/uploads\/2023\/10\/schaller-banner.jpg\" alt=\"\" class=\"wp-image-92\" style=\"aspect-ratio:3.4027777777777777;width:1222px;height:auto\" srcset=\"https:\/\/electrohelp.cl\/wp-content\/uploads\/2023\/10\/schaller-banner.jpg 980w, https:\/\/electrohelp.cl\/wp-content\/uploads\/2023\/10\/schaller-banner-300x88.jpg 300w, https:\/\/electrohelp.cl\/wp-content\/uploads\/2023\/10\/schaller-banner-768x226.jpg 768w\" sizes=\"auto, (max-width: 980px) 100vw, 980px\" \/><\/figure>\n<\/div>\n\n\n<p><\/p>\n\n\n\n<div class=\"wp-block-group is-vertical is-layout-flex wp-container-core-group-is-layout-8cf370e7 wp-block-group-is-layout-flex\">\n<p class=\"has-text-align-left has-medium-font-size\" style=\"letter-spacing:1px\">Schaller Visatron es uno de los mayores fabricantes de detectores de niebla de aceite. Desde 1960, los detectores de neblina de aceite de Schaller Visatron protegen los grandes motores di\u00e9sel,  y de combustible dual, esta protecci\u00f3n contra accidentes evita explosiones del c\u00e1rter. Las explosiones de c\u00e1rter provocan peligros para la salud humana, elevadas p\u00e9rdidas econ\u00f3micas y largos tiempos de inactividad de motores y embarcaciones. Los detectores de niebla de aceite de Schaller Visatron tambi\u00e9n se utilizan en motores de centrales el\u00e9ctricas de di\u00e9sel y gas en todo el mundo. <\/p>\n\n\n\n<p class=\"has-text-align-left has-medium-font-size\" style=\"letter-spacing:1px\"><\/p>\n\n\n\n<div class=\"wp-block-group\"><div class=\"wp-block-group__inner-container is-layout-constrained wp-block-group-is-layout-constrained\"><\/div><\/div>\n\n\n\n<div class=\"wp-block-group\"><div class=\"wp-block-group__inner-container is-layout-constrained wp-block-group-is-layout-constrained\">\n<p><strong>Nuestras Soluciones para la Detecci\u00f3n de Neblina de Aceite<\/strong><\/p>\n\n\n\n<p>En Electro Help Services SpA., ofrecemos soluciones de vanguardia para la detecci\u00f3n de neblina de aceite, dise\u00f1adas para prevenir da\u00f1os en motores y sistemas. Nuestros detectores de neblina de aceite son ideales para proteger motores di\u00e9sel, a gas y de doble combustible en diversas aplicaciones. Lo que nos diferencia es nuestro software \u00fanico, capaz de detectar inversiones de carga y cambios en las condiciones de desgaste, evitando falsas alarmas y garantizando la m\u00e1xima fiabilidad. En realidad, solo Schaller tiene esta capacidad. Nuestra serie Visatron incorpora la experiencia acumulada de m\u00e1s de 55,000 sistemas de detecci\u00f3n de neblina de aceite instalados.<\/p>\n\n\n\n<p><strong>Beneficios de Nuestros Detectores de Neblina de Aceite:<\/strong><\/p>\n\n\n\n<ul class=\"wp-block-list\">\n<li><strong>Mantenimiento Eficiente<\/strong>: Nuestros detectores de neblina de aceite son de bajo mantenimiento, lo que garantiza un funcionamiento sin complicaciones durante todo el ciclo de vida de un motor.<\/li>\n\n\n\n<li><strong>Fiabilidad Inigualable<\/strong>: Incluso bajo cargas variables del motor, nuestros detectores de neblina de aceite ofrecen m\u00e1xima fiabilidad al evitar falsas alarmas.<\/li>\n\n\n\n<li><strong>Cumplimiento de Est\u00e1ndares<\/strong>: Cumplimos con todos los est\u00e1ndares de vibraci\u00f3n comunes establecidos por las sociedades de clasificaci\u00f3n, lo que garantiza la calidad y seguridad del sistema.<\/li>\n\n\n\n<li><strong>Ideal para Grandes Motores<\/strong>: Nuestros detectores son ideales para monitorear motores de gran tama\u00f1o, ofreciendo una protecci\u00f3n efectiva y eficiente.<\/li>\n<\/ul>\n\n\n\n<p><strong>Nuestra Experiencia en la Prevenci\u00f3n de Neblina de Aceite<\/strong><\/p>\n\n\n\n<p>Con una experiencia de m\u00e1s de una d\u00e9cadas en la industria, Ingenier\u00eda Electro Help Services SpA. ha brindado soluciones de ingenier\u00eda de alto nivel a nivel mundial. Hemos participado en proyectos de construcci\u00f3n de gran envergadura, hemos liderado investigaciones pioneras en sostenibilidad y hemos implementado tecnolog\u00edas de vanguardia para mejorar la eficiencia operativa. Nuestra experiencia y compromiso con la calidad nos han convertido en l\u00edderes en Instalaci\u00f3n, reparaci\u00f3n y comisionamiento de sistemas de neblina de aceite.<\/p>\n\n\n\n<p><strong>Aplicaciones y Mercados Atendidos<\/strong><\/p>\n\n\n\n<p>Nuestros servicios de detecci\u00f3n de neblina de aceite son esenciales en una variedad de industrias:<\/p>\n\n\n\n<ul class=\"wp-block-list\">\n<li><strong>Internacional<\/strong>: Trabajamos en estrecha colaboraci\u00f3n con una red global de socios para brindar un soporte r\u00e1pido y proactivo a nuestros clientes. Mantenemos altos est\u00e1ndares de calidad y confiabilidad en todo el mundo.<\/li>\n\n\n\n<li><strong>Offshore y en el Mar<\/strong>: Nuestras soluciones son vitales para motores de servicio pesado en barcos, generadores de energ\u00eda en plataformas petroleras y motores en otras aplicaciones cr\u00edticas. Prevenimos las explosiones de neblina de aceite y protegemos vidas y activos.<\/li>\n\n\n\n<li><strong>Ingenier\u00eda de Potencia<\/strong>: La generaci\u00f3n de energ\u00eda es un pilar fundamental en cualquier pa\u00eds. Proteger generadores de energ\u00eda contra da\u00f1os es crucial para mantener un suministro continuo. Nuestros productos detectan la neblina de aceite y toman medidas preventivas.<\/li>\n<\/ul>\n\n\n\n<p><strong>Cont\u00e1ctanos para Obtener M\u00e1s Informaci\u00f3n<\/strong><\/p>\n\n\n\n<p>En Electro Help Services SpA., estamos comprometidos con la excelencia en la prevenci\u00f3n de neblina de aceite. Nuestra tecnolog\u00eda avanzada y enfoque en la sostenibilidad nos distinguen en el mercado. Cont\u00e1ctanos para obtener m\u00e1s informaci\u00f3n sobre c\u00f3mo podemos proteger tus motores y sistemas de manera eficaz y eficiente.<\/p>\n\n\n\n<figure class=\"wp-block-gallery has-nested-images columns-default is-cropped wp-block-gallery-1 is-layout-flex wp-block-gallery-is-layout-flex\"><\/figure>\n<\/div><\/div>\n<\/div>\n","protected":false},"excerpt":{"rendered":"<p>Schaller Visatron es uno de los mayores fabricantes de detectores de niebla de aceite. Desde 1960, los detectores de neblina de aceite de Schaller Visatron protegen los grandes motores di\u00e9sel, y de combustible dual, esta protecci\u00f3n contra accidentes evita explosiones del c\u00e1rter. Las explosiones de c\u00e1rter provocan peligros para la salud humana, elevadas p\u00e9rdidas econ\u00f3micas&hellip; <br \/> <a class=\"read-more\" href=\"https:\/\/electrohelp.cl\/?page_id=2\">Leer m\u00e1s<\/a><\/p>\n","protected":false},"author":1,"featured_media":0,"parent":0,"menu_order":0,"comment_status":"closed","ping_status":"closed","template":"","meta":{"footnotes":""},"class_list":["post-2","page","type-page","status-publish","hentry"],"yoast_head":"<!-- This site is optimized with the Yoast SEO plugin v23.4 - https:\/\/yoast.com\/wordpress\/plugins\/seo\/ -->\n<title>SCHALLER VISATRON - Help Services<\/title>\n<meta name=\"description\" content=\"Visatron Schaller Oil Mist Detector es una empresa l\u00edder en sistemas de detecci\u00f3n de part\u00edculas de aceite en aplicaciones industriales y Marinas, asegurando la integridad y el rendimiento de equipos cr\u00edticos en entornos exigentes.\" \/>\n<meta name=\"robots\" content=\"index, follow, max-snippet:-1, max-image-preview:large, max-video-preview:-1\" \/>\n<link rel=\"canonical\" href=\"https:\/\/electrohelp.cl\/?page_id=2\" \/>\n<meta property=\"og:locale\" content=\"es_ES\" \/>\n<meta property=\"og:type\" content=\"article\" \/>\n<meta property=\"og:title\" content=\"SCHALLER VISATRON - Help Services\" \/>\n<meta property=\"og:description\" content=\"Visatron Schaller Oil Mist Detector es una empresa l\u00edder en sistemas de detecci\u00f3n de part\u00edculas de aceite en aplicaciones industriales y Marinas, asegurando la integridad y el rendimiento de equipos cr\u00edticos en entornos exigentes.\" \/>\n<meta property=\"og:url\" content=\"https:\/\/electrohelp.cl\/?page_id=2\" \/>\n<meta property=\"og:site_name\" content=\"Help Services\" \/>\n<meta property=\"article:modified_time\" content=\"2023-10-26T04:21:28+00:00\" \/>\n<meta property=\"og:image\" content=\"https:\/\/electrohelp.cl\/wp-content\/uploads\/2023\/10\/schaller-banner.jpg\" \/>\n<meta name=\"twitter:card\" content=\"summary_large_image\" \/>\n<meta name=\"twitter:label1\" content=\"Tiempo estimado de lectura\" \/>\n\t<meta name=\"twitter:data1\" content=\"3 minutos\" \/>\n<script type=\"application\/ld+json\" class=\"yoast-schema-graph\">{\"@context\":\"https:\/\/schema.org\",\"@graph\":[{\"@type\":\"WebPage\",\"@id\":\"https:\/\/electrohelp.cl\/?page_id=2\",\"url\":\"https:\/\/electrohelp.cl\/?page_id=2\",\"name\":\"SCHALLER VISATRON - Help Services\",\"isPartOf\":{\"@id\":\"https:\/\/electrohelp.cl\/#website\"},\"primaryImageOfPage\":{\"@id\":\"https:\/\/electrohelp.cl\/?page_id=2#primaryimage\"},\"image\":{\"@id\":\"https:\/\/electrohelp.cl\/?page_id=2#primaryimage\"},\"thumbnailUrl\":\"https:\/\/electrohelp.cl\/wp-content\/uploads\/2023\/10\/schaller-banner.jpg\",\"datePublished\":\"2022-12-22T15:39:11+00:00\",\"dateModified\":\"2023-10-26T04:21:28+00:00\",\"description\":\"Visatron Schaller Oil Mist Detector es una empresa l\u00edder en sistemas de detecci\u00f3n de part\u00edculas de aceite en aplicaciones industriales y Marinas, asegurando la integridad y el rendimiento de equipos cr\u00edticos en entornos exigentes.\",\"breadcrumb\":{\"@id\":\"https:\/\/electrohelp.cl\/?page_id=2#breadcrumb\"},\"inLanguage\":\"es-CL\",\"potentialAction\":[{\"@type\":\"ReadAction\",\"target\":[\"https:\/\/electrohelp.cl\/?page_id=2\"]}]},{\"@type\":\"ImageObject\",\"inLanguage\":\"es-CL\",\"@id\":\"https:\/\/electrohelp.cl\/?page_id=2#primaryimage\",\"url\":\"https:\/\/electrohelp.cl\/wp-content\/uploads\/2023\/10\/schaller-banner.jpg\",\"contentUrl\":\"https:\/\/electrohelp.cl\/wp-content\/uploads\/2023\/10\/schaller-banner.jpg\",\"width\":980,\"height\":288},{\"@type\":\"BreadcrumbList\",\"@id\":\"https:\/\/electrohelp.cl\/?page_id=2#breadcrumb\",\"itemListElement\":[{\"@type\":\"ListItem\",\"position\":1,\"name\":\"Portada\",\"item\":\"https:\/\/electrohelp.cl\/\"},{\"@type\":\"ListItem\",\"position\":2,\"name\":\"SCHALLER VISATRON\"}]},{\"@type\":\"WebSite\",\"@id\":\"https:\/\/electrohelp.cl\/#website\",\"url\":\"https:\/\/electrohelp.cl\/\",\"name\":\"Help Services\",\"description\":\"\",\"publisher\":{\"@id\":\"https:\/\/electrohelp.cl\/#organization\"},\"potentialAction\":[{\"@type\":\"SearchAction\",\"target\":{\"@type\":\"EntryPoint\",\"urlTemplate\":\"https:\/\/electrohelp.cl\/?s={search_term_string}\"},\"query-input\":{\"@type\":\"PropertyValueSpecification\",\"valueRequired\":true,\"valueName\":\"search_term_string\"}}],\"inLanguage\":\"es-CL\"},{\"@type\":\"Organization\",\"@id\":\"https:\/\/electrohelp.cl\/#organization\",\"name\":\"Help Services\",\"url\":\"https:\/\/electrohelp.cl\/\",\"logo\":{\"@type\":\"ImageObject\",\"inLanguage\":\"es-CL\",\"@id\":\"https:\/\/electrohelp.cl\/#\/schema\/logo\/image\/\",\"url\":\"https:\/\/electrohelp.cl\/wp-content\/uploads\/2023\/10\/crop-crop-1.png\",\"contentUrl\":\"https:\/\/electrohelp.cl\/wp-content\/uploads\/2023\/10\/crop-crop-1.png\",\"width\":44,\"height\":44,\"caption\":\"Help Services\"},\"image\":{\"@id\":\"https:\/\/electrohelp.cl\/#\/schema\/logo\/image\/\"}}]}<\/script>\n<!-- \/ Yoast SEO plugin. -->","yoast_head_json":{"title":"SCHALLER VISATRON - Help Services","description":"Visatron Schaller Oil Mist Detector es una empresa l\u00edder en sistemas de detecci\u00f3n de part\u00edculas de aceite en aplicaciones industriales y Marinas, asegurando la integridad y el rendimiento de equipos cr\u00edticos en entornos exigentes.","robots":{"index":"index","follow":"follow","max-snippet":"max-snippet:-1","max-image-preview":"max-image-preview:large","max-video-preview":"max-video-preview:-1"},"canonical":"https:\/\/electrohelp.cl\/?page_id=2","og_locale":"es_ES","og_type":"article","og_title":"SCHALLER VISATRON - Help Services","og_description":"Visatron Schaller Oil Mist Detector es una empresa l\u00edder en sistemas de detecci\u00f3n de part\u00edculas de aceite en aplicaciones industriales y Marinas, asegurando la integridad y el rendimiento de equipos cr\u00edticos en entornos exigentes.","og_url":"https:\/\/electrohelp.cl\/?page_id=2","og_site_name":"Help Services","article_modified_time":"2023-10-26T04:21:28+00:00","og_image":[{"url":"https:\/\/electrohelp.cl\/wp-content\/uploads\/2023\/10\/schaller-banner.jpg"}],"twitter_card":"summary_large_image","twitter_misc":{"Tiempo estimado de lectura":"3 minutos"},"schema":{"@context":"https:\/\/schema.org","@graph":[{"@type":"WebPage","@id":"https:\/\/electrohelp.cl\/?page_id=2","url":"https:\/\/electrohelp.cl\/?page_id=2","name":"SCHALLER VISATRON - Help Services","isPartOf":{"@id":"https:\/\/electrohelp.cl\/#website"},"primaryImageOfPage":{"@id":"https:\/\/electrohelp.cl\/?page_id=2#primaryimage"},"image":{"@id":"https:\/\/electrohelp.cl\/?page_id=2#primaryimage"},"thumbnailUrl":"https:\/\/electrohelp.cl\/wp-content\/uploads\/2023\/10\/schaller-banner.jpg","datePublished":"2022-12-22T15:39:11+00:00","dateModified":"2023-10-26T04:21:28+00:00","description":"Visatron Schaller Oil Mist Detector es una empresa l\u00edder en sistemas de detecci\u00f3n de part\u00edculas de aceite en aplicaciones industriales y Marinas, asegurando la integridad y el rendimiento de equipos cr\u00edticos en entornos exigentes.","breadcrumb":{"@id":"https:\/\/electrohelp.cl\/?page_id=2#breadcrumb"},"inLanguage":"es-CL","potentialAction":[{"@type":"ReadAction","target":["https:\/\/electrohelp.cl\/?page_id=2"]}]},{"@type":"ImageObject","inLanguage":"es-CL","@id":"https:\/\/electrohelp.cl\/?page_id=2#primaryimage","url":"https:\/\/electrohelp.cl\/wp-content\/uploads\/2023\/10\/schaller-banner.jpg","contentUrl":"https:\/\/electrohelp.cl\/wp-content\/uploads\/2023\/10\/schaller-banner.jpg","width":980,"height":288},{"@type":"BreadcrumbList","@id":"https:\/\/electrohelp.cl\/?page_id=2#breadcrumb","itemListElement":[{"@type":"ListItem","position":1,"name":"Portada","item":"https:\/\/electrohelp.cl\/"},{"@type":"ListItem","position":2,"name":"SCHALLER VISATRON"}]},{"@type":"WebSite","@id":"https:\/\/electrohelp.cl\/#website","url":"https:\/\/electrohelp.cl\/","name":"Help Services","description":"","publisher":{"@id":"https:\/\/electrohelp.cl\/#organization"},"potentialAction":[{"@type":"SearchAction","target":{"@type":"EntryPoint","urlTemplate":"https:\/\/electrohelp.cl\/?s={search_term_string}"},"query-input":{"@type":"PropertyValueSpecification","valueRequired":true,"valueName":"search_term_string"}}],"inLanguage":"es-CL"},{"@type":"Organization","@id":"https:\/\/electrohelp.cl\/#organization","name":"Help Services","url":"https:\/\/electrohelp.cl\/","logo":{"@type":"ImageObject","inLanguage":"es-CL","@id":"https:\/\/electrohelp.cl\/#\/schema\/logo\/image\/","url":"https:\/\/electrohelp.cl\/wp-content\/uploads\/2023\/10\/crop-crop-1.png","contentUrl":"https:\/\/electrohelp.cl\/wp-content\/uploads\/2023\/10\/crop-crop-1.png","width":44,"height":44,"caption":"Help Services"},"image":{"@id":"https:\/\/electrohelp.cl\/#\/schema\/logo\/image\/"}}]}},"_links":{"self":[{"href":"https:\/\/electrohelp.cl\/index.php?rest_route=\/wp\/v2\/pages\/2","targetHints":{"allow":["GET"]}}],"collection":[{"href":"https:\/\/electrohelp.cl\/index.php?rest_route=\/wp\/v2\/pages"}],"about":[{"href":"https:\/\/electrohelp.cl\/index.php?rest_route=\/wp\/v2\/types\/page"}],"author":[{"embeddable":true,"href":"https:\/\/electrohelp.cl\/index.php?rest_route=\/wp\/v2\/users\/1"}],"replies":[{"embeddable":true,"href":"https:\/\/electrohelp.cl\/index.php?rest_route=%2Fwp%2Fv2%2Fcomments&post=2"}],"version-history":[{"count":43,"href":"https:\/\/electrohelp.cl\/index.php?rest_route=\/wp\/v2\/pages\/2\/revisions"}],"predecessor-version":[{"id":304,"href":"https:\/\/electrohelp.cl\/index.php?rest_route=\/wp\/v2\/pages\/2\/revisions\/304"}],"wp:attachment":[{"href":"https:\/\/electrohelp.cl\/index.php?rest_route=%2Fwp%2Fv2%2Fmedia&parent=2"}],"curies":[{"name":"wp","href":"https:\/\/api.w.org\/{rel}","templated":true}]}}